{"id":60,"date":"2025-05-07T11:49:39","date_gmt":"2025-05-07T08:49:39","guid":{"rendered":"http:\/\/www.lemlimited.com\/?page_id=60"},"modified":"2025-07-16T12:21:22","modified_gmt":"2025-07-16T09:21:22","slug":"hakkimizda","status":"publish","type":"page","link":"http:\/\/www.lemlimited.com\/index.php\/hakkimizda\/","title":{"rendered":"Hakk\u0131m\u0131zda"},"content":{"rendered":"\t\t<div data-elementor-type=\"wp-page\" data-elementor-id=\"60\" class=\"elementor elementor-60\" data-elementor-post-type=\"page\">\n\t\t\t\t<div class=\"elementor-element elementor-element-9859446 e-con-full e-flex e-con e-parent\" data-id=\"9859446\" data-element_type=\"container\" data-settings=\"{&quot;background_background&quot;:&quot;classic&quot;}\">\n\t\t<div class=\"elementor-element elementor-element-19ff9d3a e-flex e-con-boxed e-con e-child\" data-id=\"19ff9d3a\" data-element_type=\"container\">\n\t\t\t\t\t<div class=\"e-con-inner\">\n\t\t<div class=\"elementor-element elementor-element-63d518b5 e-con-full e-flex e-con e-child\" data-id=\"63d518b5\" data-element_type=\"container\">\n\t\t\t\t<div class=\"elementor-element elementor-element-6847e15a elementor-widget elementor-widget-heading\" data-id=\"6847e15a\" data-element_type=\"widget\" data-widget_type=\"heading.default\">\n\t\t\t\t<div class=\"elementor-widget-container\">\n\t\t\t\t\t<h1 class=\"elementor-heading-title elementor-size-default\">Hakk\u0131m\u0131zda<\/h1>\t\t\t\t<\/div>\n\t\t\t\t<\/div>\n\t\t\t\t<\/div>\n\t\t\t\t\t<\/div>\n\t\t\t\t<\/div>\n\t\t\t\t<\/div>\n\t\t<div class=\"elementor-element elementor-element-16acbb6b e-flex e-con-boxed e-con e-parent\" data-id=\"16acbb6b\" data-element_type=\"container\">\n\t\t\t\t\t<div class=\"e-con-inner\">\n\t\t<div class=\"elementor-element elementor-element-5b1dd25c e-con-full e-flex e-con e-child\" data-id=\"5b1dd25c\" data-element_type=\"container\">\n\t\t<div class=\"elementor-element elementor-element-17091e07 e-con-full e-flex e-con e-child\" data-id=\"17091e07\" data-element_type=\"container\">\n\t\t<div class=\"elementor-element elementor-element-12c0c583 e-con-full e-flex e-con e-child\" data-id=\"12c0c583\" data-element_type=\"container\">\n\t\t\t\t<div class=\"elementor-element elementor-element-fd30f13 elementor-widget elementor-widget-text-editor\" data-id=\"fd30f13\" data-element_type=\"widget\" data-widget_type=\"text-editor.default\">\n\t\t\t\t<div class=\"elementor-widget-container\">\n\t\t\t\t\t\t\t\t\t<div class=\"elementor-element elementor-element-3a98022b elementor-widget elementor-widget-heading\" data-id=\"3a98022b\" data-element_type=\"widget\" data-widget_type=\"heading.default\"><div class=\"elementor-widget-container\"><h2 class=\"elementor-heading-title elementor-size-default\"><span style=\"color: #ff6600;\">Lem Limited<\/span><\/h2><\/div><\/div><div class=\"elementor-element elementor-element-64e86c8c elementor-widget elementor-widget-text-editor\" data-id=\"64e86c8c\" data-element_type=\"widget\" data-widget_type=\"text-editor.default\"><div class=\"elementor-widget-container\"><p>Firmam\u0131z Ocak 2009 y\u0131l\u0131nda, \u0130zmir ekonomisine sa\u011flad\u0131\u011f\u0131 katk\u0131lardan dolay\u0131 \u0130zmir Ticaret Odas\u0131 taraf\u0131ndan verilen Onur Belgesi ile \u00f6d\u00fcllendirilmi\u015ftir.<br \/>\u015eirketimiz Lem Limited 2004 y\u0131l\u0131nda ben Kerim \u00c7elik ve o\u011flum Serdar \u00c7elik taraf\u0131ndan kurulmu\u015f olup,m\u00fc\u015fterilerimize verdi\u011fimiz d\u00fcr\u00fcst hizmetlerden dolay\u0131m\u00fc\u015fteri potansiyelimiz ve portf\u00f6y\u00fcm\u00fcz herge\u00e7en g\u00fcn b\u00fcy\u00fcmektedir.Lem Limited gen\u00e7 fakat tecr\u00fcbeli bir ithalat-ihracat firmas\u0131d\u0131r.<\/p><p><br \/>\u015eirketimizin kurulu\u015f a\u015famas\u0131nda o\u011flum Serdar \u00c7elik&#8217;in bana verdi\u011fi parlak fikirleri ve deste\u011fi \u015firketimizin her zaman daha ileri ad\u0131mlar atmas\u0131na sebep olmu\u015ftur.Bu sayede m\u00fc\u015fterilerimizin isteklerini sipari\u015f haline getirmeden \u00f6nce onlar\u0131n yarar\u0131na en iyi \u00e7al\u0131\u015fmay\u0131 yap\u0131p rapor olarak m\u00fc\u015fterilerimize sundu\u011fumuzda m\u00fc\u015fterilerimizin memnuniyetini hissedebilmekteyiz.<br \/>Para kazanmaktan \u00f6teye bizim i\u00e7in \u00f6nemli olan, m\u00fc\u015fterilerimize \u00e7ok kazand\u0131r\u0131p, en iyi hizmeti sunabilmektir. Lem Limited&#8217;in m\u00fc\u015fterilerine kazand\u0131rd\u0131\u011f\u0131 en b\u00fcy\u00fck avantaj\u0131 kaliteli \u00fcr\u00fcnleri, uygun \u00fcr\u00fcn fiyatlar\u0131n\u0131 g\u00fcven ve en iyi servis ile sunmas\u0131d\u0131r.<\/p><\/div><\/div><div class=\"elementor-element elementor-element-294039b elementor-widget elementor-widget-heading\" data-id=\"294039b\" data-element_type=\"widget\" data-widget_type=\"heading.default\"><div class=\"elementor-widget-container\"><h2 class=\"elementor-heading-title elementor-size-default\"><span style=\"color: #ff6600;\">Vizyonumuz<\/span><\/h2><\/div><\/div><div class=\"elementor-element elementor-element-cbcbcc5 elementor-widget elementor-widget-text-editor\" data-id=\"cbcbcc5\" data-element_type=\"widget\" data-widget_type=\"text-editor.default\"><div class=\"elementor-widget-container\"><p>M\u00fc\u015fteri talepleri do\u011frultusunda ,m\u00fc\u015fterilerimizin beklentilerine,ihtiya\u00e7lar\u0131na olumlu yan\u0131tlar verebilmek i\u00e7in kendini yenilemek,teknolojik geli\u015fmelerden faydalanarak \u00fclke ekonomisine,pazara de\u011fer katmak,istihdama katk\u0131 sa\u011flamakt\u0131r.<\/p><\/div><\/div><div class=\"elementor-element elementor-element-b039ea3 elementor-widget elementor-widget-heading\" data-id=\"b039ea3\" data-element_type=\"widget\" data-widget_type=\"heading.default\"><div class=\"elementor-widget-container\"><h2 class=\"elementor-heading-title elementor-size-default\"><span style=\"color: #ff6600;\">Misyonumuz<\/span><\/h2><\/div><\/div><div class=\"elementor-element elementor-element-9fc6181 elementor-widget elementor-widget-text-editor\" data-id=\"9fc6181\" data-element_type=\"widget\" data-widget_type=\"text-editor.default\"><div class=\"elementor-widget-container\"><p>\u015eirketimiz tecr\u00fcbesi ve gelecekteki f\u0131rsatlar\u0131 ve m\u00fc\u015fteri beklentilerini alg\u0131lay\u0131p hedeflerine ula\u015fmak i\u00e7in gerekli \u00e7al\u0131\u015fmalar\u0131 yapar ve bunu uygular.M\u00fc\u015fteri beklentilerine ,hizmet inanc\u0131na b\u00fct\u00fcnl\u00fck i\u00e7inde ba\u011flan\u0131r,objektif ve analitik olarak odaklan\u0131p ilerleyen s\u00fcre\u00e7leri y\u00fcksek motivasyon ve i\u015fbirli\u011fi ile y\u00f6netir.Gelecekteki ara\u015ft\u0131rmalar\u0131na ve ekonomiye katk\u0131 sa\u011flar.Yenilik\u00e7i lider pozisyonunu korur.<\/p><\/div><\/div>\t\t\t\t\t\t\t\t<\/div>\n\t\t\t\t<\/div>\n\t\t\t\t<div class=\"elementor-element elementor-element-9ad9bef elementor-widget elementor-widget-image\" data-id=\"9ad9bef\" data-element_type=\"widget\" data-widget_type=\"image.default\">\n\t\t\t\t<div class=\"elementor-widget-container\">\n\t\t\t\t\t\t\t\t\t\t\t\t\t\t\t<img fetchpriority=\"high\" decoding=\"async\" width=\"800\" height=\"600\" src=\"http:\/\/www.lemlimited.com\/wp-content\/uploads\/2025\/05\/fotoraf-0001.jpg\" class=\"attachment-large size-large wp-image-874\" alt=\"\" srcset=\"http:\/\/www.lemlimited.com\/wp-content\/uploads\/2025\/05\/fotoraf-0001.jpg 800w, http:\/\/www.lemlimited.com\/wp-content\/uploads\/2025\/05\/fotoraf-0001-300x225.jpg 300w, http:\/\/www.lemlimited.com\/wp-content\/uploads\/2025\/05\/fotoraf-0001-768x576.jpg 768w\" sizes=\"(max-width: 800px) 100vw, 800px\" \/>\t\t\t\t\t\t\t\t\t\t\t\t\t\t\t<\/div>\n\t\t\t\t<\/div>\n\t\t\t\t<div class=\"elementor-element elementor-element-dfce53a elementor-widget elementor-widget-image\" data-id=\"dfce53a\" data-element_type=\"widget\" data-widget_type=\"image.default\">\n\t\t\t\t<div class=\"elementor-widget-container\">\n\t\t\t\t\t\t\t\t\t\t\t\t\t\t\t<img decoding=\"async\" width=\"600\" height=\"400\" src=\"http:\/\/www.lemlimited.com\/wp-content\/uploads\/2025\/05\/cimg1165.jpg\" class=\"attachment-large size-large wp-image-875\" alt=\"\" srcset=\"http:\/\/www.lemlimited.com\/wp-content\/uploads\/2025\/05\/cimg1165.jpg 600w, http:\/\/www.lemlimited.com\/wp-content\/uploads\/2025\/05\/cimg1165-300x200.jpg 300w\" sizes=\"(max-width: 600px) 100vw, 600px\" \/>\t\t\t\t\t\t\t\t\t\t\t\t\t\t\t<\/div>\n\t\t\t\t<\/div>\n\t\t\t\t<\/div>\n\t\t\t\t<\/div>\n\t\t\t\t<\/div>\n\t\t<div class=\"elementor-element elementor-element-7fd23433 e-con-full e-flex elementor-invisible e-con e-child\" data-id=\"7fd23433\" data-element_type=\"container\" data-settings=\"{&quot;background_background&quot;:&quot;classic&quot;,&quot;animation&quot;:&quot;fadeInLeft&quot;}\">\n\t\t\t\t<div class=\"elementor-element elementor-element-465f173 elementor-widget elementor-widget-image\" data-id=\"465f173\" data-element_type=\"widget\" data-widget_type=\"image.default\">\n\t\t\t\t<div class=\"elementor-widget-container\">\n\t\t\t\t\t\t\t\t\t\t\t\t\t\t\t<img decoding=\"async\" width=\"713\" height=\"1024\" src=\"http:\/\/www.lemlimited.com\/wp-content\/uploads\/2025\/06\/onurberld-713x1024.jpg\" class=\"attachment-large size-large wp-image-1504\" alt=\"\" srcset=\"http:\/\/www.lemlimited.com\/wp-content\/uploads\/2025\/06\/onurberld-713x1024.jpg 713w, http:\/\/www.lemlimited.com\/wp-content\/uploads\/2025\/06\/onurberld-209x300.jpg 209w, http:\/\/www.lemlimited.com\/wp-content\/uploads\/2025\/06\/onurberld-768x1103.jpg 768w, http:\/\/www.lemlimited.com\/wp-content\/uploads\/2025\/06\/onurberld-1070x1536.jpg 1070w, http:\/\/www.lemlimited.com\/wp-content\/uploads\/2025\/06\/onurberld.jpg 1315w\" sizes=\"(max-width: 713px) 100vw, 713px\" \/>\t\t\t\t\t\t\t\t\t\t\t\t\t\t\t<\/div>\n\t\t\t\t<\/div>\n\t\t\t\t<div class=\"elementor-element elementor-element-f4f064e elementor-widget elementor-widget-image\" data-id=\"f4f064e\" data-element_type=\"widget\" data-widget_type=\"image.default\">\n\t\t\t\t<div class=\"elementor-widget-container\">\n\t\t\t\t\t\t\t\t\t\t\t\t\t\t\t<img loading=\"lazy\" decoding=\"async\" width=\"734\" height=\"1024\" src=\"http:\/\/www.lemlimited.com\/wp-content\/uploads\/2025\/05\/belge-734x1024.jpg\" class=\"attachment-large size-large wp-image-861\" alt=\"\" srcset=\"http:\/\/www.lemlimited.com\/wp-content\/uploads\/2025\/05\/belge-734x1024.jpg 734w, http:\/\/www.lemlimited.com\/wp-content\/uploads\/2025\/05\/belge-215x300.jpg 215w, http:\/\/www.lemlimited.com\/wp-content\/uploads\/2025\/05\/belge-768x1071.jpg 768w, http:\/\/www.lemlimited.com\/wp-content\/uploads\/2025\/05\/belge-1101x1536.jpg 1101w, http:\/\/www.lemlimited.com\/wp-content\/uploads\/2025\/05\/belge-1468x2048.jpg 1468w, http:\/\/www.lemlimited.com\/wp-content\/uploads\/2025\/05\/belge.jpg 1660w\" sizes=\"(max-width: 734px) 100vw, 734px\" \/>\t\t\t\t\t\t\t\t\t\t\t\t\t\t\t<\/div>\n\t\t\t\t<\/div>\n\t\t\t\t<\/div>\n\t\t\t\t\t<\/div>\n\t\t\t\t<\/div>\n\t\t<div class=\"elementor-element elementor-element-25a428b e-grid e-con-boxed e-con e-parent\" data-id=\"25a428b\" data-element_type=\"container\">\n\t\t\t\t\t<div class=\"e-con-inner\">\n\t\t\t\t\t<\/div>\n\t\t\t\t<\/div>\n\t\t\t\t<\/div>\n\t\t","protected":false},"excerpt":{"rendered":"<p>Hakk\u0131m\u0131zda Lem Limited Firmam\u0131z Ocak 2009 y\u0131l\u0131nda, \u0130zmir ekonomisine sa\u011flad\u0131\u011f\u0131 katk\u0131lardan dolay\u0131 \u0130zmir Ticaret Odas\u0131 taraf\u0131ndan verilen Onur Belgesi ile \u00f6d\u00fcllendirilmi\u015ftir.\u015eirketimiz Lem Limited 2004 y\u0131l\u0131nda ben Kerim \u00c7elik ve o\u011flum Serdar \u00c7elik taraf\u0131ndan kurulmu\u015f olup,m\u00fc\u015fterilerimize verdi\u011fimiz d\u00fcr\u00fcst hizmetlerden dolay\u0131m\u00fc\u015fteri potansiyelimiz ve portf\u00f6y\u00fcm\u00fcz herge\u00e7en g\u00fcn b\u00fcy\u00fcmektedir.Lem Limited gen\u00e7 fakat tecr\u00fcbeli bir ithalat-ihracat firmas\u0131d\u0131r. \u015eirketimizin kurulu\u015f a\u015famas\u0131nda [&hellip;]<\/p>\n","protected":false},"author":1,"featured_media":0,"parent":0,"menu_order":0,"comment_status":"closed","ping_status":"closed","template":"","meta":{"footnotes":""},"class_list":["post-60","page","type-page","status-publish","hentry"],"_links":{"self":[{"href":"http:\/\/www.lemlimited.com\/index.php\/wp-json\/wp\/v2\/pages\/60","targetHints":{"allow":["GET"]}}],"collection":[{"href":"http:\/\/www.lemlimited.com\/index.php\/wp-json\/wp\/v2\/pages"}],"about":[{"href":"http:\/\/www.lemlimited.com\/index.php\/wp-json\/wp\/v2\/types\/page"}],"author":[{"embeddable":true,"href":"http:\/\/www.lemlimited.com\/index.php\/wp-json\/wp\/v2\/users\/1"}],"replies":[{"embeddable":true,"href":"http:\/\/www.lemlimited.com\/index.php\/wp-json\/wp\/v2\/comments?post=60"}],"version-history":[{"count":46,"href":"http:\/\/www.lemlimited.com\/index.php\/wp-json\/wp\/v2\/pages\/60\/revisions"}],"predecessor-version":[{"id":1602,"href":"http:\/\/www.lemlimited.com\/index.php\/wp-json\/wp\/v2\/pages\/60\/revisions\/1602"}],"wp:attachment":[{"href":"http:\/\/www.lemlimited.com\/index.php\/wp-json\/wp\/v2\/media?parent=60"}],"curies":[{"name":"wp","href":"https:\/\/api.w.org\/{rel}","templated":true}]}}