{"id":541,"date":"2025-05-17T23:03:26","date_gmt":"2025-05-17T20:03:26","guid":{"rendered":"http:\/\/www.lemlimited.com\/?page_id=541"},"modified":"2025-08-16T14:57:23","modified_gmt":"2025-08-16T11:57:23","slug":"tekerlekler","status":"publish","type":"page","link":"http:\/\/www.lemlimited.com\/index.php\/tekerlekler\/","title":{"rendered":"Tekerlekler"},"content":{"rendered":"\t\t<div data-elementor-type=\"wp-page\" data-elementor-id=\"541\" class=\"elementor elementor-541\" data-elementor-post-type=\"page\">\n\t\t\t\t<div class=\"elementor-element elementor-element-6eca7bc e-con-full e-flex e-con e-parent\" data-id=\"6eca7bc\" data-element_type=\"container\" data-settings=\"{&quot;background_background&quot;:&quot;classic&quot;}\">\n\t\t<div class=\"elementor-element elementor-element-6c49ee24 e-flex e-con-boxed e-con e-child\" data-id=\"6c49ee24\" data-element_type=\"container\">\n\t\t\t\t\t<div class=\"e-con-inner\">\n\t\t<div class=\"elementor-element elementor-element-102864f2 e-con-full e-flex e-con e-child\" data-id=\"102864f2\" data-element_type=\"container\">\n\t\t\t\t<div class=\"elementor-element elementor-element-bc22e9c elementor-widget elementor-widget-heading\" data-id=\"bc22e9c\" data-element_type=\"widget\" data-widget_type=\"heading.default\">\n\t\t\t\t<div class=\"elementor-widget-container\">\n\t\t\t\t\t<h1 class=\"elementor-heading-title elementor-size-default\">Tekerlekler<\/h1>\t\t\t\t<\/div>\n\t\t\t\t<\/div>\n\t\t\t\t<\/div>\n\t\t\t\t\t<\/div>\n\t\t\t\t<\/div>\n\t\t\t\t<\/div>\n\t\t<div class=\"elementor-element elementor-element-1d59e856 e-flex e-con-boxed e-con e-parent\" data-id=\"1d59e856\" data-element_type=\"container\">\n\t\t\t\t\t<div class=\"e-con-inner\">\n\t\t<div class=\"elementor-element elementor-element-5727c9ef e-con-full e-flex e-con e-child\" data-id=\"5727c9ef\" data-element_type=\"container\">\n\t\t\t\t<div class=\"elementor-element elementor-element-9bc5b17 e-n-tabs-mobile elementor-widget elementor-widget-n-tabs\" data-id=\"9bc5b17\" data-element_type=\"widget\" data-settings=\"{&quot;horizontal_scroll&quot;:&quot;disable&quot;}\" data-widget_type=\"nested-tabs.default\">\n\t\t\t\t<div class=\"elementor-widget-container\">\n\t\t\t\t\t\t\t<div class=\"e-n-tabs\" data-widget-number=\"163339031\" aria-label=\"Sekmeler. Enter ve Space ile \u00f6geleri a\u00e7abilir, Escape ile \u00f6geleri kapatabilir ve Y\u00f6n tu\u015flar\u0131 ile \u00f6geler aras\u0131nda gezinebilirsiniz.\">\n\t\t\t<div class=\"e-n-tabs-heading\" role=\"tablist\">\n\t\t\t\t\t<button id=\"e-n-tab-title-1633390311\" class=\"e-n-tab-title\" aria-selected=\"true\" data-tab-index=\"1\" role=\"tab\" tabindex=\"0\" aria-controls=\"e-n-tab-content-1633390311\" style=\"--n-tabs-title-order: 1;\">\n\t\t\t\t\t\t<span class=\"e-n-tab-title-text\">\n\t\t\t\tKrom Tezgah Tekerle\u011fi\t\t\t<\/span>\n\t\t<\/button>\n\t\t\t\t<button id=\"e-n-tab-title-1633390312\" class=\"e-n-tab-title\" aria-selected=\"false\" data-tab-index=\"2\" role=\"tab\" tabindex=\"-1\" aria-controls=\"e-n-tab-content-1633390312\" style=\"--n-tabs-title-order: 2;\">\n\t\t\t\t\t\t<span class=\"e-n-tab-title-text\">\n\t\t\t\t\u0130n\u015faat Arabalar\u0131 Tekerle\u011fi\t\t\t<\/span>\n\t\t<\/button>\n\t\t\t\t\t<\/div>\n\t\t\t<div class=\"e-n-tabs-content\">\n\t\t\t\t<div id=\"e-n-tab-content-1633390311\" role=\"tabpanel\" aria-labelledby=\"e-n-tab-title-1633390311\" data-tab-index=\"1\" style=\"--n-tabs-title-order: 1;\" class=\"e-active elementor-element elementor-element-e17facd e-con-full e-flex e-con e-child\" data-id=\"e17facd\" data-element_type=\"container\">\n\t\t\t\t<div class=\"elementor-element elementor-element-5843e0f elementor-widget elementor-widget-heading\" data-id=\"5843e0f\" data-element_type=\"widget\" data-widget_type=\"heading.default\">\n\t\t\t\t<div class=\"elementor-widget-container\">\n\t\t\t\t\t<h2 class=\"elementor-heading-title elementor-size-default\">Krom Tezgah Tekerle\u011fi<\/h2>\t\t\t\t<\/div>\n\t\t\t\t<\/div>\n\t\t\t\t<div class=\"elementor-element elementor-element-6cff4115 elementor-widget elementor-widget-image\" data-id=\"6cff4115\" data-element_type=\"widget\" data-widget_type=\"image.default\">\n\t\t\t\t<div class=\"elementor-widget-container\">\n\t\t\t\t\t\t\t\t\t\t\t\t\t\t\t<img fetchpriority=\"high\" decoding=\"async\" width=\"980\" height=\"1245\" src=\"http:\/\/www.lemlimited.com\/wp-content\/uploads\/2025\/05\/kromtekerlek1.png\" class=\"attachment-full size-full wp-image-691\" alt=\"\" srcset=\"http:\/\/www.lemlimited.com\/wp-content\/uploads\/2025\/05\/kromtekerlek1.png 980w, http:\/\/www.lemlimited.com\/wp-content\/uploads\/2025\/05\/kromtekerlek1-236x300.png 236w, http:\/\/www.lemlimited.com\/wp-content\/uploads\/2025\/05\/kromtekerlek1-806x1024.png 806w, http:\/\/www.lemlimited.com\/wp-content\/uploads\/2025\/05\/kromtekerlek1-768x976.png 768w\" sizes=\"(max-width: 980px) 100vw, 980px\" \/>\t\t\t\t\t\t\t\t\t\t\t\t\t\t\t<\/div>\n\t\t\t\t<\/div>\n\t\t\t\t<div class=\"elementor-element elementor-element-77ace09 elementor-widget elementor-widget-image\" data-id=\"77ace09\" data-element_type=\"widget\" data-widget_type=\"image.default\">\n\t\t\t\t<div class=\"elementor-widget-container\">\n\t\t\t\t\t\t\t\t\t\t\t\t\t\t\t<img decoding=\"async\" width=\"980\" height=\"632\" src=\"http:\/\/www.lemlimited.com\/wp-content\/uploads\/2025\/05\/kromtekerlek2.png\" class=\"attachment-full size-full wp-image-692\" alt=\"\" srcset=\"http:\/\/www.lemlimited.com\/wp-content\/uploads\/2025\/05\/kromtekerlek2.png 980w, http:\/\/www.lemlimited.com\/wp-content\/uploads\/2025\/05\/kromtekerlek2-300x193.png 300w, http:\/\/www.lemlimited.com\/wp-content\/uploads\/2025\/05\/kromtekerlek2-768x495.png 768w\" sizes=\"(max-width: 980px) 100vw, 980px\" \/>\t\t\t\t\t\t\t\t\t\t\t\t\t\t\t<\/div>\n\t\t\t\t<\/div>\n\t\t\t\t<\/div>\n\t\t<div id=\"e-n-tab-content-1633390312\" role=\"tabpanel\" aria-labelledby=\"e-n-tab-title-1633390312\" data-tab-index=\"2\" style=\"--n-tabs-title-order: 2;\" class=\" elementor-element elementor-element-7939f20 e-con-full e-flex e-con e-child\" data-id=\"7939f20\" data-element_type=\"container\">\n\t\t\t\t<div class=\"elementor-element elementor-element-34812df elementor-widget elementor-widget-heading\" data-id=\"34812df\" data-element_type=\"widget\" data-widget_type=\"heading.default\">\n\t\t\t\t<div class=\"elementor-widget-container\">\n\t\t\t\t\t<h2 class=\"elementor-heading-title elementor-size-default\">\u0130n\u015faat Arabalar\u0131 Tekerli\u011fi <\/h2>\t\t\t\t<\/div>\n\t\t\t\t<\/div>\n\t\t\t\t<div class=\"elementor-element elementor-element-9934934 elementor-widget elementor-widget-image\" data-id=\"9934934\" data-element_type=\"widget\" data-widget_type=\"image.default\">\n\t\t\t\t<div class=\"elementor-widget-container\">\n\t\t\t\t\t\t\t\t\t\t\t\t\t\t\t<img decoding=\"async\" width=\"1524\" height=\"1064\" src=\"http:\/\/www.lemlimited.com\/wp-content\/uploads\/2025\/05\/insaat-tekerlek.png\" class=\"attachment-full size-full wp-image-693\" alt=\"\" srcset=\"http:\/\/www.lemlimited.com\/wp-content\/uploads\/2025\/05\/insaat-tekerlek.png 1524w, http:\/\/www.lemlimited.com\/wp-content\/uploads\/2025\/05\/insaat-tekerlek-300x209.png 300w, http:\/\/www.lemlimited.com\/wp-content\/uploads\/2025\/05\/insaat-tekerlek-1024x715.png 1024w, http:\/\/www.lemlimited.com\/wp-content\/uploads\/2025\/05\/insaat-tekerlek-768x536.png 768w\" sizes=\"(max-width: 1524px) 100vw, 1524px\" \/>\t\t\t\t\t\t\t\t\t\t\t\t\t\t\t<\/div>\n\t\t\t\t<\/div>\n\t\t\t\t<\/div>\n\t\t\t\t\t<\/div>\n\t\t<\/div>\n\t\t\t\t\t\t<\/div>\n\t\t\t\t<\/div>\n\t\t\t\t<\/div>\n\t\t\t\t\t<\/div>\n\t\t\t\t<\/div>\n\t\t\t\t<\/div>\n\t\t","protected":false},"excerpt":{"rendered":"<p>Tekerlekler Krom Tezgah Tekerle\u011fi \u0130n\u015faat Arabalar\u0131 Tekerle\u011fi Krom Tezgah Tekerle\u011fi \u0130n\u015faat Arabalar\u0131 Tekerli\u011fi Krom Tezgah Tekerle\u011fi \u0130n\u015faat Arabalar\u0131 Tekerli\u011fi<\/p>\n","protected":false},"author":1,"featured_media":0,"parent":0,"menu_order":0,"comment_status":"closed","ping_status":"closed","template":"","meta":{"footnotes":""},"class_list":["post-541","page","type-page","status-publish","hentry"],"_links":{"self":[{"href":"http:\/\/www.lemlimited.com\/index.php\/wp-json\/wp\/v2\/pages\/541","targetHints":{"allow":["GET"]}}],"collection":[{"href":"http:\/\/www.lemlimited.com\/index.php\/wp-json\/wp\/v2\/pages"}],"about":[{"href":"http:\/\/www.lemlimited.com\/index.php\/wp-json\/wp\/v2\/types\/page"}],"author":[{"embeddable":true,"href":"http:\/\/www.lemlimited.com\/index.php\/wp-json\/wp\/v2\/users\/1"}],"replies":[{"embeddable":true,"href":"http:\/\/www.lemlimited.com\/index.php\/wp-json\/wp\/v2\/comments?post=541"}],"version-history":[{"count":13,"href":"http:\/\/www.lemlimited.com\/index.php\/wp-json\/wp\/v2\/pages\/541\/revisions"}],"predecessor-version":[{"id":1845,"href":"http:\/\/www.lemlimited.com\/index.php\/wp-json\/wp\/v2\/pages\/541\/revisions\/1845"}],"wp:attachment":[{"href":"http:\/\/www.lemlimited.com\/index.php\/wp-json\/wp\/v2\/media?parent=541"}],"curies":[{"name":"wp","href":"https:\/\/api.w.org\/{rel}","templated":true}]}}