{"id":531,"date":"2025-05-17T22:56:52","date_gmt":"2025-05-17T19:56:52","guid":{"rendered":"http:\/\/www.lemlimited.com\/?page_id=531"},"modified":"2025-08-16T14:17:58","modified_gmt":"2025-08-16T11:17:58","slug":"sogutma-ekipmanlari","status":"publish","type":"page","link":"http:\/\/www.lemlimited.com\/index.php\/sogutma-ekipmanlari\/","title":{"rendered":"So\u011futma Ekipmanlar\u0131"},"content":{"rendered":"\t\t<div data-elementor-type=\"wp-page\" data-elementor-id=\"531\" class=\"elementor elementor-531\" data-elementor-post-type=\"page\">\n\t\t\t\t<div class=\"elementor-element elementor-element-e94690b e-con-full e-flex e-con e-parent\" data-id=\"e94690b\" data-element_type=\"container\" data-settings=\"{&quot;background_background&quot;:&quot;classic&quot;}\">\n\t\t<div class=\"elementor-element elementor-element-65b6777b e-flex e-con-boxed e-con e-child\" data-id=\"65b6777b\" data-element_type=\"container\">\n\t\t\t\t\t<div class=\"e-con-inner\">\n\t\t<div class=\"elementor-element elementor-element-1fecdafc e-con-full e-flex e-con e-child\" data-id=\"1fecdafc\" data-element_type=\"container\">\n\t\t\t\t<div class=\"elementor-element elementor-element-ba54e2d elementor-widget elementor-widget-heading\" data-id=\"ba54e2d\" data-element_type=\"widget\" data-widget_type=\"heading.default\">\n\t\t\t\t<div class=\"elementor-widget-container\">\n\t\t\t\t\t<h1 class=\"elementor-heading-title elementor-size-default\">So\u011futma Ekipmanlar\u0131<\/h1>\t\t\t\t<\/div>\n\t\t\t\t<\/div>\n\t\t\t\t<\/div>\n\t\t\t\t\t<\/div>\n\t\t\t\t<\/div>\n\t\t\t\t<\/div>\n\t\t<div class=\"elementor-element elementor-element-1e0622af e-flex e-con-boxed e-con e-parent\" data-id=\"1e0622af\" data-element_type=\"container\">\n\t\t\t\t\t<div class=\"e-con-inner\">\n\t\t<div class=\"elementor-element elementor-element-56c15374 e-con-full e-flex e-con e-child\" data-id=\"56c15374\" data-element_type=\"container\">\n\t\t\t\t<div class=\"elementor-element elementor-element-506de69 e-n-tabs-mobile elementor-widget elementor-widget-n-tabs\" data-id=\"506de69\" data-element_type=\"widget\" data-settings=\"{&quot;horizontal_scroll&quot;:&quot;disable&quot;}\" data-widget_type=\"nested-tabs.default\">\n\t\t\t\t<div class=\"elementor-widget-container\">\n\t\t\t\t\t\t\t<div class=\"e-n-tabs\" data-widget-number=\"84336233\" aria-label=\"Sekmeler. Enter ve Space ile \u00f6geleri a\u00e7abilir, Escape ile \u00f6geleri kapatabilir ve Y\u00f6n tu\u015flar\u0131 ile \u00f6geler aras\u0131nda gezinebilirsiniz.\">\n\t\t\t<div class=\"e-n-tabs-heading\" role=\"tablist\">\n\t\t\t\t\t<button id=\"e-n-tab-title-843362331\" class=\"e-n-tab-title\" aria-selected=\"true\" data-tab-index=\"1\" role=\"tab\" tabindex=\"0\" aria-controls=\"e-n-tab-content-843362331\" style=\"--n-tabs-title-order: 1;\">\n\t\t\t\t\t\t<span class=\"e-n-tab-title-text\">\n\t\t\t\tGaz Dolum Ekipmanlar\u0131\t\t\t<\/span>\n\t\t<\/button>\n\t\t\t\t<button id=\"e-n-tab-title-843362332\" class=\"e-n-tab-title\" aria-selected=\"false\" data-tab-index=\"2\" role=\"tab\" tabindex=\"-1\" aria-controls=\"e-n-tab-content-843362332\" style=\"--n-tabs-title-order: 2;\">\n\t\t\t\t\t\t<span class=\"e-n-tab-title-text\">\n\t\t\t\tDefrost Timer\t\t\t<\/span>\n\t\t<\/button>\n\t\t\t\t<button id=\"e-n-tab-title-843362333\" class=\"e-n-tab-title\" aria-selected=\"false\" data-tab-index=\"3\" role=\"tab\" tabindex=\"-1\" aria-controls=\"e-n-tab-content-843362333\" style=\"--n-tabs-title-order: 3;\">\n\t\t\t\t\t\t<span class=\"e-n-tab-title-text\">\n\t\t\t\tTermostat\t\t\t<\/span>\n\t\t<\/button>\n\t\t\t\t<button id=\"e-n-tab-title-843362334\" class=\"e-n-tab-title\" aria-selected=\"false\" data-tab-index=\"4\" role=\"tab\" tabindex=\"-1\" aria-controls=\"e-n-tab-content-843362334\" style=\"--n-tabs-title-order: 4;\">\n\t\t\t\t\t\t<span class=\"e-n-tab-title-text\">\n\t\t\t\tKondenset\u00f6r\t\t\t<\/span>\n\t\t<\/button>\n\t\t\t\t\t<\/div>\n\t\t\t<div class=\"e-n-tabs-content\">\n\t\t\t\t<div id=\"e-n-tab-content-843362331\" role=\"tabpanel\" aria-labelledby=\"e-n-tab-title-843362331\" data-tab-index=\"1\" style=\"--n-tabs-title-order: 1;\" class=\"e-active elementor-element elementor-element-157c457 e-con-full e-flex e-con e-child\" data-id=\"157c457\" data-element_type=\"container\">\n\t\t\t\t<div class=\"elementor-element elementor-element-1d8bd9d3 elementor-widget elementor-widget-heading\" data-id=\"1d8bd9d3\" data-element_type=\"widget\" data-widget_type=\"heading.default\">\n\t\t\t\t<div class=\"elementor-widget-container\">\n\t\t\t\t\t<h2 class=\"elementor-heading-title elementor-size-default\">Gaz Dolum Ekipmanlar\u0131<\/h2>\t\t\t\t<\/div>\n\t\t\t\t<\/div>\n\t\t\t\t<div class=\"elementor-element elementor-element-6cf548f6 elementor-widget elementor-widget-image\" data-id=\"6cf548f6\" data-element_type=\"widget\" data-widget_type=\"image.default\">\n\t\t\t\t<div class=\"elementor-widget-container\">\n\t\t\t\t\t\t\t\t\t\t\t\t\t\t\t<img fetchpriority=\"high\" decoding=\"async\" width=\"1581\" height=\"1343\" src=\"http:\/\/www.lemlimited.com\/wp-content\/uploads\/2025\/05\/sogutma1.png\" class=\"attachment-full size-full wp-image-624\" alt=\"\" srcset=\"http:\/\/www.lemlimited.com\/wp-content\/uploads\/2025\/05\/sogutma1.png 1581w, http:\/\/www.lemlimited.com\/wp-content\/uploads\/2025\/05\/sogutma1-300x255.png 300w, http:\/\/www.lemlimited.com\/wp-content\/uploads\/2025\/05\/sogutma1-1024x870.png 1024w, http:\/\/www.lemlimited.com\/wp-content\/uploads\/2025\/05\/sogutma1-768x652.png 768w, http:\/\/www.lemlimited.com\/wp-content\/uploads\/2025\/05\/sogutma1-1536x1305.png 1536w\" sizes=\"(max-width: 1581px) 100vw, 1581px\" \/>\t\t\t\t\t\t\t\t\t\t\t\t\t\t\t<\/div>\n\t\t\t\t<\/div>\n\t\t\t\t<div class=\"elementor-element elementor-element-246ab0a elementor-widget elementor-widget-image\" data-id=\"246ab0a\" data-element_type=\"widget\" data-widget_type=\"image.default\">\n\t\t\t\t<div class=\"elementor-widget-container\">\n\t\t\t\t\t\t\t\t\t\t\t\t\t\t\t<img decoding=\"async\" width=\"558\" height=\"147\" src=\"http:\/\/www.lemlimited.com\/wp-content\/uploads\/2025\/05\/sogutma2.png\" class=\"attachment-full size-full wp-image-625\" alt=\"\" srcset=\"http:\/\/www.lemlimited.com\/wp-content\/uploads\/2025\/05\/sogutma2.png 558w, http:\/\/www.lemlimited.com\/wp-content\/uploads\/2025\/05\/sogutma2-300x79.png 300w\" sizes=\"(max-width: 558px) 100vw, 558px\" \/>\t\t\t\t\t\t\t\t\t\t\t\t\t\t\t<\/div>\n\t\t\t\t<\/div>\n\t\t\t\t<div class=\"elementor-element elementor-element-3d48516 elementor-widget elementor-widget-image\" data-id=\"3d48516\" data-element_type=\"widget\" data-widget_type=\"image.default\">\n\t\t\t\t<div class=\"elementor-widget-container\">\n\t\t\t\t\t\t\t\t\t\t\t\t\t\t\t<img decoding=\"async\" width=\"556\" height=\"152\" src=\"http:\/\/www.lemlimited.com\/wp-content\/uploads\/2025\/05\/sogutma3.png\" class=\"attachment-large size-large wp-image-626\" alt=\"\" srcset=\"http:\/\/www.lemlimited.com\/wp-content\/uploads\/2025\/05\/sogutma3.png 556w, http:\/\/www.lemlimited.com\/wp-content\/uploads\/2025\/05\/sogutma3-300x82.png 300w\" sizes=\"(max-width: 556px) 100vw, 556px\" \/>\t\t\t\t\t\t\t\t\t\t\t\t\t\t\t<\/div>\n\t\t\t\t<\/div>\n\t\t\t\t<\/div>\n\t\t<div id=\"e-n-tab-content-843362332\" role=\"tabpanel\" aria-labelledby=\"e-n-tab-title-843362332\" data-tab-index=\"2\" style=\"--n-tabs-title-order: 2;\" class=\" elementor-element elementor-element-6aa2395 e-con-full e-flex e-con e-child\" data-id=\"6aa2395\" data-element_type=\"container\">\n\t\t\t\t<div class=\"elementor-element elementor-element-44a2d37 elementor-widget elementor-widget-heading\" data-id=\"44a2d37\" data-element_type=\"widget\" data-widget_type=\"heading.default\">\n\t\t\t\t<div class=\"elementor-widget-container\">\n\t\t\t\t\t<h2 class=\"elementor-heading-title elementor-size-default\">Defrost Timer<\/h2>\t\t\t\t<\/div>\n\t\t\t\t<\/div>\n\t\t\t\t<div class=\"elementor-element elementor-element-681db79 elementor-widget elementor-widget-image\" data-id=\"681db79\" data-element_type=\"widget\" data-widget_type=\"image.default\">\n\t\t\t\t<div class=\"elementor-widget-container\">\n\t\t\t\t\t\t\t\t\t\t\t\t\t\t\t<img loading=\"lazy\" decoding=\"async\" width=\"1296\" height=\"1787\" src=\"http:\/\/www.lemlimited.com\/wp-content\/uploads\/2025\/05\/defrost.jpg\" class=\"attachment-full size-full wp-image-630\" alt=\"\" srcset=\"http:\/\/www.lemlimited.com\/wp-content\/uploads\/2025\/05\/defrost.jpg 1296w, http:\/\/www.lemlimited.com\/wp-content\/uploads\/2025\/05\/defrost-218x300.jpg 218w, http:\/\/www.lemlimited.com\/wp-content\/uploads\/2025\/05\/defrost-743x1024.jpg 743w, http:\/\/www.lemlimited.com\/wp-content\/uploads\/2025\/05\/defrost-768x1059.jpg 768w, http:\/\/www.lemlimited.com\/wp-content\/uploads\/2025\/05\/defrost-1114x1536.jpg 1114w\" sizes=\"(max-width: 1296px) 100vw, 1296px\" \/>\t\t\t\t\t\t\t\t\t\t\t\t\t\t\t<\/div>\n\t\t\t\t<\/div>\n\t\t\t\t<\/div>\n\t\t<div id=\"e-n-tab-content-843362333\" role=\"tabpanel\" aria-labelledby=\"e-n-tab-title-843362333\" data-tab-index=\"3\" style=\"--n-tabs-title-order: 3;\" class=\" elementor-element elementor-element-b6f5e79 e-con-full e-flex e-con e-child\" data-id=\"b6f5e79\" data-element_type=\"container\">\n\t\t\t\t<div class=\"elementor-element elementor-element-2e60a69 elementor-widget elementor-widget-heading\" data-id=\"2e60a69\" data-element_type=\"widget\" data-widget_type=\"heading.default\">\n\t\t\t\t<div class=\"elementor-widget-container\">\n\t\t\t\t\t<h2 class=\"elementor-heading-title elementor-size-default\">Termostat<\/h2>\t\t\t\t<\/div>\n\t\t\t\t<\/div>\n\t\t\t\t<div class=\"elementor-element elementor-element-1da4c94 elementor-widget elementor-widget-image\" data-id=\"1da4c94\" data-element_type=\"widget\" data-widget_type=\"image.default\">\n\t\t\t\t<div class=\"elementor-widget-container\">\n\t\t\t\t\t\t\t\t\t\t\t\t\t\t\t<img loading=\"lazy\" decoding=\"async\" width=\"2147\" height=\"756\" src=\"http:\/\/www.lemlimited.com\/wp-content\/uploads\/2025\/05\/termostat.png\" class=\"attachment-full size-full wp-image-631\" alt=\"\" srcset=\"http:\/\/www.lemlimited.com\/wp-content\/uploads\/2025\/05\/termostat.png 2147w, http:\/\/www.lemlimited.com\/wp-content\/uploads\/2025\/05\/termostat-300x106.png 300w, http:\/\/www.lemlimited.com\/wp-content\/uploads\/2025\/05\/termostat-1024x361.png 1024w, http:\/\/www.lemlimited.com\/wp-content\/uploads\/2025\/05\/termostat-768x270.png 768w, http:\/\/www.lemlimited.com\/wp-content\/uploads\/2025\/05\/termostat-1536x541.png 1536w, http:\/\/www.lemlimited.com\/wp-content\/uploads\/2025\/05\/termostat-2048x721.png 2048w\" sizes=\"(max-width: 2147px) 100vw, 2147px\" \/>\t\t\t\t\t\t\t\t\t\t\t\t\t\t\t<\/div>\n\t\t\t\t<\/div>\n\t\t\t\t<\/div>\n\t\t<div id=\"e-n-tab-content-843362334\" role=\"tabpanel\" aria-labelledby=\"e-n-tab-title-843362334\" data-tab-index=\"4\" style=\"--n-tabs-title-order: 4;\" class=\" elementor-element elementor-element-4cbbe6b e-flex e-con-boxed e-con e-child\" data-id=\"4cbbe6b\" data-element_type=\"container\">\n\t\t\t\t\t<div class=\"e-con-inner\">\n\t\t\t\t<div class=\"elementor-element elementor-element-f14e187 elementor-widget elementor-widget-heading\" data-id=\"f14e187\" data-element_type=\"widget\" data-widget_type=\"heading.default\">\n\t\t\t\t<div class=\"elementor-widget-container\">\n\t\t\t\t\t<h2 class=\"elementor-heading-title elementor-size-default\">Kondenset\u00f6r<\/h2>\t\t\t\t<\/div>\n\t\t\t\t<\/div>\n\t\t\t\t<div class=\"elementor-element elementor-element-c13047d elementor-widget elementor-widget-image\" data-id=\"c13047d\" data-element_type=\"widget\" data-widget_type=\"image.default\">\n\t\t\t\t<div class=\"elementor-widget-container\">\n\t\t\t\t\t\t\t\t\t\t\t\t\t\t\t<img loading=\"lazy\" decoding=\"async\" width=\"1176\" height=\"1583\" src=\"http:\/\/www.lemlimited.com\/wp-content\/uploads\/2025\/05\/kondensetor.png\" class=\"attachment-full size-full wp-image-632\" alt=\"\" srcset=\"http:\/\/www.lemlimited.com\/wp-content\/uploads\/2025\/05\/kondensetor.png 1176w, http:\/\/www.lemlimited.com\/wp-content\/uploads\/2025\/05\/kondensetor-223x300.png 223w, http:\/\/www.lemlimited.com\/wp-content\/uploads\/2025\/05\/kondensetor-761x1024.png 761w, http:\/\/www.lemlimited.com\/wp-content\/uploads\/2025\/05\/kondensetor-768x1034.png 768w, http:\/\/www.lemlimited.com\/wp-content\/uploads\/2025\/05\/kondensetor-1141x1536.png 1141w\" sizes=\"(max-width: 1176px) 100vw, 1176px\" \/>\t\t\t\t\t\t\t\t\t\t\t\t\t\t\t<\/div>\n\t\t\t\t<\/div>\n\t\t\t\t\t<\/div>\n\t\t\t\t<\/div>\n\t\t\t\t\t<\/div>\n\t\t<\/div>\n\t\t\t\t\t\t<\/div>\n\t\t\t\t<\/div>\n\t\t\t\t<\/div>\n\t\t\t\t\t<\/div>\n\t\t\t\t<\/div>\n\t\t\t\t<\/div>\n\t\t","protected":false},"excerpt":{"rendered":"<p>So\u011futma Ekipmanlar\u0131 Gaz Dolum Ekipmanlar\u0131 Defrost Timer Termostat Kondenset\u00f6r Gaz Dolum Ekipmanlar\u0131 Defrost Timer Termostat Kondenset\u00f6r Gaz Dolum Ekipmanlar\u0131 Defrost Timer Termostat Kondenset\u00f6r<\/p>\n","protected":false},"author":1,"featured_media":0,"parent":0,"menu_order":0,"comment_status":"closed","ping_status":"closed","template":"","meta":{"footnotes":""},"class_list":["post-531","page","type-page","status-publish","hentry"],"_links":{"self":[{"href":"http:\/\/www.lemlimited.com\/index.php\/wp-json\/wp\/v2\/pages\/531","targetHints":{"allow":["GET"]}}],"collection":[{"href":"http:\/\/www.lemlimited.com\/index.php\/wp-json\/wp\/v2\/pages"}],"about":[{"href":"http:\/\/www.lemlimited.com\/index.php\/wp-json\/wp\/v2\/types\/page"}],"author":[{"embeddable":true,"href":"http:\/\/www.lemlimited.com\/index.php\/wp-json\/wp\/v2\/users\/1"}],"replies":[{"embeddable":true,"href":"http:\/\/www.lemlimited.com\/index.php\/wp-json\/wp\/v2\/comments?post=531"}],"version-history":[{"count":16,"href":"http:\/\/www.lemlimited.com\/index.php\/wp-json\/wp\/v2\/pages\/531\/revisions"}],"predecessor-version":[{"id":1820,"href":"http:\/\/www.lemlimited.com\/index.php\/wp-json\/wp\/v2\/pages\/531\/revisions\/1820"}],"wp:attachment":[{"href":"http:\/\/www.lemlimited.com\/index.php\/wp-json\/wp\/v2\/media?parent=531"}],"curies":[{"name":"wp","href":"https:\/\/api.w.org\/{rel}","templated":true}]}}