{"id":1081,"date":"2025-05-19T17:32:39","date_gmt":"2025-05-19T14:32:39","guid":{"rendered":"http:\/\/www.lemlimited.com\/?page_id=1081"},"modified":"2025-07-16T12:22:20","modified_gmt":"2025-07-16T09:22:20","slug":"ihracat-nedir","status":"publish","type":"page","link":"http:\/\/www.lemlimited.com\/index.php\/ihracat-nedir\/","title":{"rendered":"\u0130hracat Nedir ?"},"content":{"rendered":"\t\t<div data-elementor-type=\"wp-page\" data-elementor-id=\"1081\" class=\"elementor elementor-1081\" data-elementor-post-type=\"page\">\n\t\t\t\t<div class=\"elementor-element elementor-element-61ef394d e-con-full e-flex e-con e-parent\" data-id=\"61ef394d\" data-element_type=\"container\" data-settings=\"{&quot;background_background&quot;:&quot;classic&quot;}\">\n\t\t<div class=\"elementor-element elementor-element-6d710b9 e-flex e-con-boxed e-con e-child\" data-id=\"6d710b9\" data-element_type=\"container\">\n\t\t\t\t\t<div class=\"e-con-inner\">\n\t\t<div class=\"elementor-element elementor-element-68016f6a e-con-full e-flex e-con e-child\" data-id=\"68016f6a\" data-element_type=\"container\">\n\t\t\t\t<div class=\"elementor-element elementor-element-2292c02e elementor-widget elementor-widget-heading\" data-id=\"2292c02e\" data-element_type=\"widget\" data-widget_type=\"heading.default\">\n\t\t\t\t<div class=\"elementor-widget-container\">\n\t\t\t\t\t<h1 class=\"elementor-heading-title elementor-size-default\">\u0130hracat Nedir ?<\/h1>\t\t\t\t<\/div>\n\t\t\t\t<\/div>\n\t\t\t\t<\/div>\n\t\t\t\t\t<\/div>\n\t\t\t\t<\/div>\n\t\t\t\t<\/div>\n\t\t<div class=\"elementor-element elementor-element-c1412b4 e-flex e-con-boxed e-con e-parent\" data-id=\"c1412b4\" data-element_type=\"container\">\n\t\t\t\t\t<div class=\"e-con-inner\">\n\t\t<div class=\"elementor-element elementor-element-439f018e e-con-full e-flex e-con e-child\" data-id=\"439f018e\" data-element_type=\"container\">\n\t\t<div class=\"elementor-element elementor-element-43bfb292 e-con-full e-flex e-con e-child\" data-id=\"43bfb292\" data-element_type=\"container\">\n\t\t<div class=\"elementor-element elementor-element-39e3a169 e-con-full e-flex e-con e-child\" data-id=\"39e3a169\" data-element_type=\"container\">\n\t\t\t\t<div class=\"elementor-element elementor-element-2385c085 elementor-widget elementor-widget-text-editor\" data-id=\"2385c085\" data-element_type=\"widget\" data-widget_type=\"text-editor.default\">\n\t\t\t\t<div class=\"elementor-widget-container\">\n\t\t\t\t\t\t\t\t\t<div><span style=\"color: #000000;\">En geni\u015f anlamda ihracat, bir \u00fclke s\u0131n\u0131rlar\u0131 i\u00e7erisinde serbest dola\u015f\u0131mda <\/span><\/div><div><span style=\"color: #000000;\">bulunan (bu \u00fclkede yeti\u015fen, \u00fcretilen, veya ba\u015fka \u00fclkelerden ithal edilmi\u015f) <\/span><\/div><div><span style=\"color: #000000;\">mallar\u0131n ve hizmetlerin ba\u015fka \u00fclkelere sat\u0131lmas\u0131\/g\u00f6nderilmesi anlam\u0131na geliyor.<\/span><\/div><div><span style=\"color: #000000;\">Dar anlamda ise, yabanc\u0131lara ya da T\u00fcrkiye d\u0131\u015f\u0131nda yerle\u015fik T\u00fcrklere yap\u0131lan <\/span><\/div><div><span style=\"color: #000000;\">mal sat\u0131\u015flar\u0131n\u0131 ve s\u00f6zkonusu mallar\u0131n bu ama\u00e7la yurtd\u0131\u015f\u0131na g\u00f6nderilmesini <\/span><\/div><div><span style=\"color: #000000;\">ifade ediyor. Fiili \u0130hracat: \u0130hra\u00e7 konusu mal\u0131n g\u00fcmr\u00fck mevzuat\u0131 h\u00fck\u00fcmleri <\/span><\/div><div><span style=\"color: #000000;\">\u00e7er\u00e7evesinde muayenesinin yap\u0131l\u0131p ta\u015f\u0131ta y\u00fcklenmesi, bir yerden veya muh-<\/span><\/div><div><span style=\"color: #000000;\">telif yerlerden bir defada veya k\u0131s\u0131m k\u0131s\u0131m gelmekte olan d\u00f6kme ve di\u011fer <\/span><\/div><div><span style=\"color: #000000;\">e\u015fyada y\u00fcklemenin tamamlanmas\u0131 veya g\u00fcmr\u00fck mevzuat\u0131nca fiili ihracat <\/span><\/div><div><span style=\"color: #000000;\">olarak kabul edilecek di\u011fer \u00e7\u0131k\u0131\u015flar\u0131 ifade etmektedir.Bir sat\u0131\u015f\u0131n ihracat say\u0131-<\/span><\/div><div><span style=\"color: #000000;\">labilmesi i\u00e7in \u015fu \u00f6zelliklere sahip olmas\u0131 gerekli: <\/span><\/div><div><span style=\"color: #000000;\">-Sat\u0131\u015flar\u0131n yabanc\u0131 bir \u00fclkeye yap\u0131lmas\u0131 <\/span><\/div><div><span style=\"color: #000000;\">-\u0130ki tarafl\u0131 ve \u00e7ok tarafl\u0131 ticaret anla\u015fmalar\u0131 ile getirilen ko\u015fullara uyum <\/span><\/div><div><span style=\"color: #000000;\">y\u00fck\u00fcml\u00fcl\u00fc\u011f\u00fc.<\/span><\/div><div><span style=\"color: #000000;\">-Al\u0131\u015fveri\u015fte bir yabanc\u0131 paran\u0131n s\u00f6zkonusu olmas\u0131. <\/span><\/div><div><span style=\"color: #000000;\">-Mallar\u0131n ta\u015f\u0131nmas\u0131. <\/span><\/div><div><span style=\"color: #000000;\">-Mal\u0131n var\u0131\u015f \u00fclkesine ithal edilmesi ile ilgili g\u00fcmr\u00fck vergisi, katma de\u011fer vergisi<\/span><\/div><div><span style=\"color: #000000;\">ve varsa ba\u015fka t\u00fcrl\u00fc vergiler ve di\u011fer ithalat formaliteleri.<\/span><\/div><div>\u00a0<\/div><div><div><span style=\"color: #000000;\">-Mal\u0131n \u00e7\u0131k\u0131\u015f yerinden var\u0131\u015f yerine kadar maruz kalabilece\u011fi risklere kar\u015f\u0131 sigor-<\/span><\/div><div><span style=\"color: #000000;\">ta edilmesi, \u00f6demelerde\/bedellerin tahsilinde bankac\u0131l\u0131k sisteminin devreye <\/span><\/div><div><span style=\"color: #000000;\">girmesi. <\/span><\/div><div><span style=\"color: #000000;\">\u0130hracat desteklerinden yararlanabilmek i\u00e7in gerekli ko\u015fullara uyum kapsam\u0131-<\/span><\/div><div><span style=\"color: #000000;\">n\u0131n bu kadar geni\u015f olmas\u0131 nedeniyle, d\u00fcnyan\u0131n b\u00fct\u00fcn \u00fclkelerinde, ihracat <\/span><\/div><div><span style=\"color: #000000;\">mevzuat\u0131, g\u00fcmr\u00fck mevzuat\u0131, kambiyo mevzuat\u0131, standardizasyon mevzuat\u0131, <\/span><\/div><div><span style=\"color: #000000;\">te\u015fvik mevzuat\u0131, katma de\u011fer vergisi mevzuat\u0131 gibi bir\u00e7ok ba\u011flay\u0131c\u0131 mevzuat <\/span><\/div><div><span style=\"color: #000000;\">taraf\u0131ndan ayr\u0131nt\u0131l\u0131 bir \u015fekilde d\u00fczenleniyor. B\u00fct\u00fcn \u00fclkeler (\u00f6zellikle D\u00fcnya <\/span><\/div><div><span style=\"color: #000000;\">Ticaret \u00d6rg\u00fct\u00fc ve di\u011fer uluslararas\u0131 \u00f6rg\u00fctlere \u00fcye olan \u00fclkeler) bu t\u00fcr mev-<\/span><\/div><div><span style=\"color: #000000;\">zuat d\u00fczenlemelerinde, iki tarafl\u0131 ya da \u00e7ok tarafl\u0131 ticaret anla\u015fmalar\u0131 ve ulus-<\/span><\/div><p><span style=\"color: #000000;\">lararas\u0131 ticari team\u00fcllere uygun hareket etme gayreti i\u00e7erisinde oluyor.<\/span><\/p><\/div>\t\t\t\t\t\t\t\t<\/div>\n\t\t\t\t<\/div>\n\t\t\t\t<\/div>\n\t\t\t\t<\/div>\n\t\t\t\t<\/div>\n\t\t<div class=\"elementor-element elementor-element-708c325b e-con-full e-flex elementor-invisible e-con e-child\" data-id=\"708c325b\" data-element_type=\"container\" data-settings=\"{&quot;background_background&quot;:&quot;classic&quot;,&quot;animation&quot;:&quot;fadeInLeft&quot;}\">\n\t\t\t\t<div class=\"elementor-element elementor-element-ef9d6ef elementor-widget elementor-widget-image\" data-id=\"ef9d6ef\" data-element_type=\"widget\" data-widget_type=\"image.default\">\n\t\t\t\t<div class=\"elementor-widget-container\">\n\t\t\t\t\t\t\t\t\t\t\t\t\t\t\t<img fetchpriority=\"high\" decoding=\"async\" width=\"683\" height=\"394\" src=\"http:\/\/www.lemlimited.com\/wp-content\/uploads\/2025\/05\/ithalat_ihracat_dengesi_eylulde_alt_ust_oldu_h444556_373a1.jpg\" class=\"attachment-large size-large wp-image-893\" alt=\"\" srcset=\"http:\/\/www.lemlimited.com\/wp-content\/uploads\/2025\/05\/ithalat_ihracat_dengesi_eylulde_alt_ust_oldu_h444556_373a1.jpg 683w, http:\/\/www.lemlimited.com\/wp-content\/uploads\/2025\/05\/ithalat_ihracat_dengesi_eylulde_alt_ust_oldu_h444556_373a1-300x173.jpg 300w\" sizes=\"(max-width: 683px) 100vw, 683px\" \/>\t\t\t\t\t\t\t\t\t\t\t\t\t\t\t<\/div>\n\t\t\t\t<\/div>\n\t\t\t\t<\/div>\n\t\t\t\t\t<\/div>\n\t\t\t\t<\/div>\n\t\t\t\t<\/div>\n\t\t","protected":false},"excerpt":{"rendered":"<p>\u0130hracat Nedir ? En geni\u015f anlamda ihracat, bir \u00fclke s\u0131n\u0131rlar\u0131 i\u00e7erisinde serbest dola\u015f\u0131mda bulunan (bu \u00fclkede yeti\u015fen, \u00fcretilen, veya ba\u015fka \u00fclkelerden ithal edilmi\u015f) mallar\u0131n ve hizmetlerin ba\u015fka \u00fclkelere sat\u0131lmas\u0131\/g\u00f6nderilmesi anlam\u0131na geliyor.Dar anlamda ise, yabanc\u0131lara ya da T\u00fcrkiye d\u0131\u015f\u0131nda yerle\u015fik T\u00fcrklere yap\u0131lan mal sat\u0131\u015flar\u0131n\u0131 ve s\u00f6zkonusu mallar\u0131n bu ama\u00e7la yurtd\u0131\u015f\u0131na g\u00f6nderilmesini ifade ediyor. Fiili \u0130hracat: \u0130hra\u00e7 [&hellip;]<\/p>\n","protected":false},"author":1,"featured_media":0,"parent":0,"menu_order":0,"comment_status":"closed","ping_status":"closed","template":"","meta":{"footnotes":""},"class_list":["post-1081","page","type-page","status-publish","hentry"],"_links":{"self":[{"href":"http:\/\/www.lemlimited.com\/index.php\/wp-json\/wp\/v2\/pages\/1081","targetHints":{"allow":["GET"]}}],"collection":[{"href":"http:\/\/www.lemlimited.com\/index.php\/wp-json\/wp\/v2\/pages"}],"about":[{"href":"http:\/\/www.lemlimited.com\/index.php\/wp-json\/wp\/v2\/types\/page"}],"author":[{"embeddable":true,"href":"http:\/\/www.lemlimited.com\/index.php\/wp-json\/wp\/v2\/users\/1"}],"replies":[{"embeddable":true,"href":"http:\/\/www.lemlimited.com\/index.php\/wp-json\/wp\/v2\/comments?post=1081"}],"version-history":[{"count":7,"href":"http:\/\/www.lemlimited.com\/index.php\/wp-json\/wp\/v2\/pages\/1081\/revisions"}],"predecessor-version":[{"id":1608,"href":"http:\/\/www.lemlimited.com\/index.php\/wp-json\/wp\/v2\/pages\/1081\/revisions\/1608"}],"wp:attachment":[{"href":"http:\/\/www.lemlimited.com\/index.php\/wp-json\/wp\/v2\/media?parent=1081"}],"curies":[{"name":"wp","href":"https:\/\/api.w.org\/{rel}","templated":true}]}}